{"id":492,"date":"2023-01-23T12:22:50","date_gmt":"2023-01-23T12:22:50","guid":{"rendered":"https:\/\/danipinturas.es\/?page_id=492"},"modified":"2026-03-09T15:31:13","modified_gmt":"2026-03-09T15:31:13","slug":"aviso-legal","status":"publish","type":"page","link":"https:\/\/joseaccion.es\/gl\/aviso-legal\/","title":{"rendered":"Aviso legal"},"content":{"rendered":"<div data-elementor-type=\"wp-page\" data-elementor-id=\"492\" class=\"elementor elementor-492\">\n\t\t\t\t\t\t<section class=\"elementor-section elementor-top-section elementor-element elementor-element-9150040 elementor-section-boxed elementor-section-height-default elementor-section-height-default\" data-id=\"9150040\" data-element_type=\"section\" data-settings=\"{&quot;background_background&quot;:&quot;classic&quot;}\">\n\t\t\t\t\t\t\t<div class=\"elementor-background-overlay\"><\/div>\n\t\t\t\t\t\t\t<div class=\"elementor-container elementor-column-gap-no\">\n\t\t\t\t\t<div class=\"elementor-column elementor-col-50 elementor-top-column elementor-element elementor-element-6791ebf\" data-id=\"6791ebf\" data-element_type=\"column\">\n\t\t\t<div class=\"elementor-widget-wrap elementor-element-populated\">\n\t\t\t\t\t\t<div class=\"elementor-element elementor-element-241875a elementor-widget elementor-widget-heading\" data-id=\"241875a\" data-element_type=\"widget\" data-widget_type=\"heading.default\">\n\t\t\t\t<div class=\"elementor-widget-container\">\n\t\t\t\t\t<h1 class=\"elementor-heading-title elementor-size-default\">Aviso legal<\/h1>\t\t\t\t<\/div>\n\t\t\t\t<\/div>\n\t\t\t\t\t<\/div>\n\t\t<\/div>\n\t\t\t\t<div class=\"elementor-column elementor-col-50 elementor-top-column elementor-element elementor-element-b50ecfb\" data-id=\"b50ecfb\" data-element_type=\"column\">\n\t\t\t<div class=\"elementor-widget-wrap\">\n\t\t\t\t\t\t\t<\/div>\n\t\t<\/div>\n\t\t\t\t\t<\/div>\n\t\t<\/section>\n\t\t\t\t<section class=\"elementor-section elementor-top-section elementor-element elementor-element-16ef102 elementor-section-boxed elementor-section-height-default elementor-section-height-default\" data-id=\"16ef102\" data-element_type=\"section\">\n\t\t\t\t\t\t<div class=\"elementor-container elementor-column-gap-default\">\n\t\t\t\t\t<div class=\"elementor-column elementor-col-100 elementor-top-column elementor-element elementor-element-03cc337\" data-id=\"03cc337\" data-element_type=\"column\">\n\t\t\t<div class=\"elementor-widget-wrap elementor-element-populated\">\n\t\t\t\t\t\t<div class=\"elementor-element elementor-element-66ee13d elementor-widget elementor-widget-text-editor\" data-id=\"66ee13d\" data-element_type=\"widget\" data-widget_type=\"text-editor.default\">\n\t\t\t\t<div class=\"elementor-widget-container\">\n\t\t\t\t\t\t\t\t\t<p>En cumplimiento del art\u00edculo 10 de la Ley 34 \/ 2002, de 11 de julio, de Servicios de la Sociedad de la Informaci\u00f3n y Comercio Electr\u00f3nico, el Titular expone sus datos identificativos.<\/p><ul><li>Titular: Daniel Pena<\/li><li>NIF\/CIF: Y2798670K<\/li><li>Correo electr\u00f3nico:\u00a0info@danipinturas.es<\/li><li>Sitio Web:\u00a0danipinturas.es<\/li><\/ul><p>La utilizaci\u00f3n del sitio Web le otorga la condici\u00f3n de Usuario, e implica la aceptaci\u00f3n completa de todas las cl\u00e1usulas y condiciones de uso incluidas en las p\u00e1ginas:\u00a0Aviso Legal,\u00a0Pol\u00edtica de Privacidad\u00a0y\u00a0Pol\u00edtica de Cookies. Si no estuvieras conforme con todas y cada una de estas cl\u00e1usulas y condiciones abstente de utilizar este sitio Web.<\/p><p>El acceso a este sitio Web no supone, en modo alguno, el inicio de una relaci\u00f3n comercial con el Titular. A trav\u00e9s de este sitio Web, el Titular te facilita el acceso y la utilizaci\u00f3n de diversos contenidos que el Titular o sus colaboradores han publicado por medio de Internet. A tal efecto, usted est\u00e1 obligado y comprometido a NO utilizar cualquiera de los contenidos del sitio Web con fines o efectos il\u00edcitos, prohibidos en este Aviso Legal o por la legislaci\u00f3n vigente, lesivos de los derechos e intereses de terceros, o que de cualquier forma puedan da\u00f1ar, inutilizar, sobrecargar, deteriorar o impedir la normal utilizaci\u00f3n de los contenidos, los equipos inform\u00e1ticos o los documentos, archivos y toda clase de contenidos almacenados en cualquier equipo inform\u00e1tico propios o contratados por el Titular, de otros usuarios o de cualquier usuario de Internet.<\/p>\t\t\t\t\t\t\t\t<\/div>\n\t\t\t\t<\/div>\n\t\t\t\t<div class=\"elementor-element elementor-element-554bd1e elementor-widget elementor-widget-text-editor\" data-id=\"554bd1e\" data-element_type=\"widget\" data-widget_type=\"text-editor.default\">\n\t\t\t\t<div class=\"elementor-widget-container\">\n\t\t\t\t\t\t\t\t\t<p><strong>Medidas de seguridad<\/strong><\/p><p>Los datos personales que facilites al Titular pueden ser almacenados en bases de datos automatizadas o no, cuya titularidad corresponde en exclusiva a el Titular, que asume todas las medidas de \u00edndole t\u00e9cnica, organizativa y de seguridad que garantizan la confidencialidad, integridad y calidad de la informaci\u00f3n contenida en las mismas de acuerdo con lo establecido en la normativa vigente en protecci\u00f3n de datos.<\/p><p>No obstante, debes ser consciente de que las medidas de seguridad de los sistemas inform\u00e1ticos en Internet no son enteramente fiables y que, por tanto el Titular no puede garantizar la inexistencia de virus u otros elementos que puedan producir alteraciones en los sistemas inform\u00e1ticos (software y hardware) del Usuario o en sus documentos electr\u00f3nicos y ficheros contenidos en los mismos aunque el Titular pone todos los medios necesarios y toma las medidas de seguridad oportunas para evitar la presencia de estos elementos da\u00f1inos.<\/p>\t\t\t\t\t\t\t\t<\/div>\n\t\t\t\t<\/div>\n\t\t\t\t<div class=\"elementor-element elementor-element-a112b2e elementor-widget elementor-widget-text-editor\" data-id=\"a112b2e\" data-element_type=\"widget\" data-widget_type=\"text-editor.default\">\n\t\t\t\t<div class=\"elementor-widget-container\">\n\t\t\t\t\t\t\t\t\t<p><strong>Datos personales<\/strong><\/p><p>El Usuario puede consultar toda la informaci\u00f3n relativa al tratamiento de datos personales que recoge el Titular en la p\u00e1gina de la\u00a0Pol\u00edtica de Privacidad.<\/p>\t\t\t\t\t\t\t\t<\/div>\n\t\t\t\t<\/div>\n\t\t\t\t<div class=\"elementor-element elementor-element-a96f668 elementor-widget elementor-widget-text-editor\" data-id=\"a96f668\" data-element_type=\"widget\" data-widget_type=\"text-editor.default\">\n\t\t\t\t<div class=\"elementor-widget-container\">\n\t\t\t\t\t\t\t\t\t<p><strong>Contenidos<\/strong><\/p><p>El Titular ha obtenido la informaci\u00f3n, el contenido multimedia y los materiales incluidos en el sitio Web de fuentes que considera fiables, pero, si bien ha tomado todas las medidas razonables para asegurar que la informaci\u00f3n contenida es correcta, el Titular no garantiza que sea exacta, completa o actualizada. El Titular declina expresamente cualquier responsabilidad por error u omisi\u00f3n en la informaci\u00f3n contenida en las p\u00e1ginas de este sitio Web.<\/p><p>Queda prohibido transmitir o enviar a trav\u00e9s del sitio Web cualquier contenido ilegal o il\u00edcito, virus inform\u00e1ticos, o mensajes que, en general, afecten o violen derechos de el Titular o de terceros.<\/p><p>Los contenidos del Sitio Web tienen \u00fanicamente una finalidad informativa y bajo ninguna circunstancia deben usarse ni considerarse como oferta de venta, solicitud de una oferta de compra ni recomendaci\u00f3n para realizar cualquier otra operaci\u00f3n, salvo que as\u00ed se indique expresamente.<\/p><p>El Titular se reserva el derecho a modificar, suspender, cancelar o restringir el contenido del Sitio Web, los v\u00ednculos o la informaci\u00f3n obtenida a trav\u00e9s del sitio Web, sin necesidad de previo aviso.<\/p><p>El Titular no es responsable de los da\u00f1os y perjuicios que pudieran derivarse de la utilizaci\u00f3n de la informaci\u00f3n del sitio Web o de la contenida en las redes sociales del Titular.<\/p>\t\t\t\t\t\t\t\t<\/div>\n\t\t\t\t<\/div>\n\t\t\t\t<div class=\"elementor-element elementor-element-d53c723 elementor-widget elementor-widget-text-editor\" data-id=\"d53c723\" data-element_type=\"widget\" data-widget_type=\"text-editor.default\">\n\t\t\t\t<div class=\"elementor-widget-container\">\n\t\t\t\t\t\t\t\t\t<p><strong>Pol\u00edtica de cookies<\/strong><\/p><p>En la p\u00e1gina\u00a0Pol\u00edtica de Cookies\u00a0puede consultar toda la informaci\u00f3n relativa a la pol\u00edtica de recogida y tratamiento de las cookies.<\/p>\t\t\t\t\t\t\t\t<\/div>\n\t\t\t\t<\/div>\n\t\t\t\t<div class=\"elementor-element elementor-element-b4bce75 elementor-widget elementor-widget-text-editor\" data-id=\"b4bce75\" data-element_type=\"widget\" data-widget_type=\"text-editor.default\">\n\t\t\t\t<div class=\"elementor-widget-container\">\n\t\t\t\t\t\t\t\t\t<p><strong>Propiedad intelectual e industrial<\/strong><\/p><p>Todos los derechos est\u00e1n reservados.<\/p><p>Todo acceso a este sitio Web est\u00e1 sujeto a las siguientes condiciones: la reproducci\u00f3n, almacenaje permanente y la difusi\u00f3n de los contenidos o cualquier otro uso que tenga finalidad p\u00fablica o comercial queda expresamente prohibida sin el consentimiento previo expreso y por escrito de Titular.<\/p>\t\t\t\t\t\t\t\t<\/div>\n\t\t\t\t<\/div>\n\t\t\t\t<div class=\"elementor-element elementor-element-711b725 elementor-widget elementor-widget-text-editor\" data-id=\"711b725\" data-element_type=\"widget\" data-widget_type=\"text-editor.default\">\n\t\t\t\t<div class=\"elementor-widget-container\">\n\t\t\t\t\t\t\t\t\t<p><strong>Limitaci\u00f3n de responsabilidad<\/strong><\/p><p>La informaci\u00f3n y servicios incluidos o disponibles a trav\u00e9s de este sitio Web pueden incluir incorrecciones o errores tipogr\u00e1ficos. De forma peri\u00f3dica el Titular incorpora mejoras y\/o cambios a la informaci\u00f3n contenida y\/o los Servicios y Productos que puede introducir en cualquier momento.<\/p><p>El Titular no declara ni garantiza que los servicios o contenidos sean interrumpidos o que est\u00e9n libres de errores, que los defectos sean corregidos, o que el servicio o el servidor que lo pone a disposici\u00f3n est\u00e9n libres de virus u otros componentes nocivos sin perjuicio de que el Titular realiza todos los esfuerzos en evitar este tipo de incidentes<\/p><p>Titular declina cualquier responsabilidad en caso de que existan interrupciones o un mal funcionamiento de los Servicios o contenidos ofrecidos en Internet, cualquiera que sea su causa. Asimismo, el Titular no se hace responsable por ca\u00eddas de la red, p\u00e9rdidas de negocio a consecuencia de dichas ca\u00eddas, suspensiones temporales de fluido el\u00e9ctrico o cualquier otro tipo de da\u00f1o indirecto que te pueda ser causado por causas ajenas a el Titular.<\/p><p>Antes de tomar decisiones y\/o acciones con base a la informaci\u00f3n incluida en el sitio Web, el Titular le recomienda comprobar y contrastar la informaci\u00f3n recibida con otras fuentes.<\/p>\t\t\t\t\t\t\t\t<\/div>\n\t\t\t\t<\/div>\n\t\t\t\t<div class=\"elementor-element elementor-element-c8bde83 elementor-widget elementor-widget-text-editor\" data-id=\"c8bde83\" data-element_type=\"widget\" data-widget_type=\"text-editor.default\">\n\t\t\t\t<div class=\"elementor-widget-container\">\n\t\t\t\t\t\t\t\t\t<p><strong>Jurisdicci\u00f3n<\/strong><\/p><p>Este Aviso Legal se rige \u00edntegramente por la legislaci\u00f3n espa\u00f1ola.<\/p><p>Siempre que no haya una norma que obligue a otra cosa, para cuantas cuestiones se susciten sobre la interpretaci\u00f3n, aplicaci\u00f3n y cumplimiento de este Aviso Legal, as\u00ed como de las reclamaciones que puedan derivarse de su uso, las partes acuerdan someterse a los Jueces y Tribunales de la provincia de A Coru\u00f1a, con renuncia expresa de cualquier otra jurisdicci\u00f3n que pudiera corresponderles.<\/p>\t\t\t\t\t\t\t\t<\/div>\n\t\t\t\t<\/div>\n\t\t\t\t<div class=\"elementor-element elementor-element-74771f5 elementor-widget elementor-widget-text-editor\" data-id=\"74771f5\" data-element_type=\"widget\" data-widget_type=\"text-editor.default\">\n\t\t\t\t<div class=\"elementor-widget-container\">\n\t\t\t\t\t\t\t\t\t<p><strong>Contacto<\/strong><\/p><p>En caso de que usted tenga cualquier duda acerca de estas Condiciones legales o quiera realizar cualquier comentario sobre este sitio Web, puede enviar un mensaje de correo electr\u00f3nico a la direcci\u00f3n\u00a0info@danipinturas.es<\/p>\t\t\t\t\t\t\t\t<\/div>\n\t\t\t\t<\/div>\n\t\t\t\t\t<\/div>\n\t\t<\/div>\n\t\t\t\t\t<\/div>\n\t\t<\/section>\n\t\t\t\t<\/div>","protected":false},"excerpt":{"rendered":"<p>Aviso legal En cumplimiento del art\u00edculo 10 de la Ley 34 \/ 2002, de 11 de julio, de Servicios de la Sociedad de la Informaci\u00f3n y Comercio Electr\u00f3nico, el Titular expone sus datos identificativos. Titular: Daniel Pena NIF\/CIF: Y2798670K Correo electr\u00f3nico:\u00a0info@danipinturas.es Sitio Web:\u00a0danipinturas.es La utilizaci\u00f3n del sitio Web le otorga la condici\u00f3n de Usuario, e [&hellip;]<\/p>","protected":false},"author":2,"featured_media":0,"parent":0,"menu_order":0,"comment_status":"closed","ping_status":"closed","template":"full-width.php","meta":{"_acf_changed":false,"footnotes":""},"class_list":["post-492","page","type-page","status-publish","hentry"],"acf":[],"yoast_head":"<!-- This site is optimized with the Yoast SEO plugin v26.7 - https:\/\/yoast.com\/wordpress\/plugins\/seo\/ -->\n<title>Accountant - Jupiter X Templates<\/title>\n<meta name=\"description\" content=\"Excellent combination of trust, simplicity, and creativity is what an accountant\u2019s website should look like, and we just implement it in Jupiter X WP Theme\u2019s accountant website template,\" \/>\n<meta name=\"robots\" content=\"noindex, follow, max-snippet:-1, max-image-preview:large, max-video-preview:-1\" \/>\n<meta property=\"og:locale\" content=\"gl_ES\" \/>\n<meta property=\"og:type\" content=\"article\" \/>\n<meta property=\"og:title\" content=\"Accountant - Jupiter X Templates\" \/>\n<meta property=\"og:description\" content=\"Excellent combination of trust, simplicity, and creativity is what an accountant\u2019s website should look like, and we just implement it in Jupiter X WP Theme\u2019s accountant website template,\" \/>\n<meta property=\"og:url\" content=\"https:\/\/joseaccion.es\/gl\/aviso-legal\/\" \/>\n<meta property=\"og:site_name\" content=\"Jos\u00e9 Acci\u00f3n\" \/>\n<meta property=\"article:modified_time\" content=\"2026-03-09T15:31:13+00:00\" \/>\n<meta name=\"twitter:card\" content=\"summary_large_image\" \/>\n<meta name=\"twitter:label1\" content=\"Tempo de lectura\" \/>\n\t<meta name=\"twitter:data1\" content=\"5 minutos\" \/>\n<script type=\"application\/ld+json\" class=\"yoast-schema-graph\">{\"@context\":\"https:\/\/schema.org\",\"@graph\":[{\"@type\":\"WebPage\",\"@id\":\"https:\/\/joseaccion.es\/aviso-legal\/\",\"url\":\"https:\/\/joseaccion.es\/aviso-legal\/\",\"name\":\"Accountant - Jupiter X Templates\",\"isPartOf\":{\"@id\":\"https:\/\/joseaccion.es\/#website\"},\"datePublished\":\"2023-01-23T12:22:50+00:00\",\"dateModified\":\"2026-03-09T15:31:13+00:00\",\"description\":\"Excellent combination of trust, simplicity, and creativity is what an accountant\u2019s website should look like, and we just implement it in Jupiter X WP Theme\u2019s accountant website template,\",\"breadcrumb\":{\"@id\":\"https:\/\/joseaccion.es\/aviso-legal\/#breadcrumb\"},\"inLanguage\":\"gl-ES\",\"potentialAction\":[{\"@type\":\"ReadAction\",\"target\":[\"https:\/\/joseaccion.es\/aviso-legal\/\"]}]},{\"@type\":\"BreadcrumbList\",\"@id\":\"https:\/\/joseaccion.es\/aviso-legal\/#breadcrumb\",\"itemListElement\":[{\"@type\":\"ListItem\",\"position\":1,\"name\":\"Portada\",\"item\":\"https:\/\/joseaccion.es\/\"},{\"@type\":\"ListItem\",\"position\":2,\"name\":\"Aviso legal\"}]},{\"@type\":\"WebSite\",\"@id\":\"https:\/\/joseaccion.es\/#website\",\"url\":\"https:\/\/joseaccion.es\/\",\"name\":\"Jos\u00e9 Acci\u00f3n\",\"description\":\"Revestimiento en piedra\",\"potentialAction\":[{\"@type\":\"SearchAction\",\"target\":{\"@type\":\"EntryPoint\",\"urlTemplate\":\"https:\/\/joseaccion.es\/?s={search_term_string}\"},\"query-input\":{\"@type\":\"PropertyValueSpecification\",\"valueRequired\":true,\"valueName\":\"search_term_string\"}}],\"inLanguage\":\"gl-ES\"}]}<\/script>\n<!-- \/ Yoast SEO plugin. -->","yoast_head_json":{"title":"Accountant - Jupiter X Templates","description":"Excellent combination of trust, simplicity, and creativity is what an accountant\u2019s website should look like, and we just implement it in Jupiter X WP Theme\u2019s accountant website template,","robots":{"index":"noindex","follow":"follow","max-snippet":"max-snippet:-1","max-image-preview":"max-image-preview:large","max-video-preview":"max-video-preview:-1"},"og_locale":"gl_ES","og_type":"article","og_title":"Accountant - Jupiter X Templates","og_description":"Excellent combination of trust, simplicity, and creativity is what an accountant\u2019s website should look like, and we just implement it in Jupiter X WP Theme\u2019s accountant website template,","og_url":"https:\/\/joseaccion.es\/gl\/aviso-legal\/","og_site_name":"Jos\u00e9 Acci\u00f3n","article_modified_time":"2026-03-09T15:31:13+00:00","twitter_card":"summary_large_image","twitter_misc":{"Tempo de lectura":"5 minutos"},"schema":{"@context":"https:\/\/schema.org","@graph":[{"@type":"WebPage","@id":"https:\/\/joseaccion.es\/aviso-legal\/","url":"https:\/\/joseaccion.es\/aviso-legal\/","name":"Accountant - Jupiter X Templates","isPartOf":{"@id":"https:\/\/joseaccion.es\/#website"},"datePublished":"2023-01-23T12:22:50+00:00","dateModified":"2026-03-09T15:31:13+00:00","description":"Excellent combination of trust, simplicity, and creativity is what an accountant\u2019s website should look like, and we just implement it in Jupiter X WP Theme\u2019s accountant website template,","breadcrumb":{"@id":"https:\/\/joseaccion.es\/aviso-legal\/#breadcrumb"},"inLanguage":"gl-ES","potentialAction":[{"@type":"ReadAction","target":["https:\/\/joseaccion.es\/aviso-legal\/"]}]},{"@type":"BreadcrumbList","@id":"https:\/\/joseaccion.es\/aviso-legal\/#breadcrumb","itemListElement":[{"@type":"ListItem","position":1,"name":"Portada","item":"https:\/\/joseaccion.es\/"},{"@type":"ListItem","position":2,"name":"Aviso legal"}]},{"@type":"WebSite","@id":"https:\/\/joseaccion.es\/#website","url":"https:\/\/joseaccion.es\/","name":"Jos\u00e9 Acci\u00f3n","description":"Revestimiento en piedra","potentialAction":[{"@type":"SearchAction","target":{"@type":"EntryPoint","urlTemplate":"https:\/\/joseaccion.es\/?s={search_term_string}"},"query-input":{"@type":"PropertyValueSpecification","valueRequired":true,"valueName":"search_term_string"}}],"inLanguage":"gl-ES"}]}},"_links":{"self":[{"href":"https:\/\/joseaccion.es\/gl\/wp-json\/wp\/v2\/pages\/492","targetHints":{"allow":["GET"]}}],"collection":[{"href":"https:\/\/joseaccion.es\/gl\/wp-json\/wp\/v2\/pages"}],"about":[{"href":"https:\/\/joseaccion.es\/gl\/wp-json\/wp\/v2\/types\/page"}],"author":[{"embeddable":true,"href":"https:\/\/joseaccion.es\/gl\/wp-json\/wp\/v2\/users\/2"}],"replies":[{"embeddable":true,"href":"https:\/\/joseaccion.es\/gl\/wp-json\/wp\/v2\/comments?post=492"}],"version-history":[{"count":7,"href":"https:\/\/joseaccion.es\/gl\/wp-json\/wp\/v2\/pages\/492\/revisions"}],"predecessor-version":[{"id":850,"href":"https:\/\/joseaccion.es\/gl\/wp-json\/wp\/v2\/pages\/492\/revisions\/850"}],"wp:attachment":[{"href":"https:\/\/joseaccion.es\/gl\/wp-json\/wp\/v2\/media?parent=492"}],"curies":[{"name":"wp","href":"https:\/\/api.w.org\/{rel}","templated":true}]}}