{"id":62,"date":"2020-06-24T05:35:26","date_gmt":"2020-06-24T05:35:26","guid":{"rendered":"https:\/\/jupiterx.artbees.net\/accountant\/?page_id=62"},"modified":"2026-03-09T14:30:22","modified_gmt":"2026-03-09T14:30:22","slug":"servicios","status":"publish","type":"page","link":"https:\/\/joseaccion.es\/gl\/servicios\/","title":{"rendered":"Servizos"},"content":{"rendered":"<div data-elementor-type=\"wp-page\" data-elementor-id=\"62\" class=\"elementor elementor-62\">\n\t\t\t\t\t\t<section class=\"elementor-section elementor-top-section elementor-element elementor-element-9150040 elementor-section-boxed elementor-section-height-default elementor-section-height-default\" data-id=\"9150040\" data-element_type=\"section\" data-settings=\"{&quot;background_background&quot;:&quot;classic&quot;}\">\n\t\t\t\t\t\t\t<div class=\"elementor-background-overlay\"><\/div>\n\t\t\t\t\t\t\t<div class=\"elementor-container elementor-column-gap-no\">\n\t\t\t\t\t<div class=\"elementor-column elementor-col-50 elementor-top-column elementor-element elementor-element-6791ebf\" data-id=\"6791ebf\" data-element_type=\"column\">\n\t\t\t<div class=\"elementor-widget-wrap elementor-element-populated\">\n\t\t\t\t\t\t<div class=\"elementor-element elementor-element-241875a elementor-widget elementor-widget-heading\" data-id=\"241875a\" data-element_type=\"widget\" data-widget_type=\"heading.default\">\n\t\t\t\t<div class=\"elementor-widget-container\">\n\t\t\t\t\t<h1 class=\"elementor-heading-title elementor-size-default\">Servizos<\/h1>\t\t\t\t<\/div>\n\t\t\t\t<\/div>\n\t\t\t\t<div class=\"elementor-element elementor-element-4a01cc1 elementor-widget elementor-widget-text-editor\" data-id=\"4a01cc1\" data-element_type=\"widget\" data-widget_type=\"text-editor.default\">\n\t\t\t\t<div class=\"elementor-widget-container\">\n\t\t\t\t\t\t\t\t\t<p>Co\u00f1ece os servizos nos que somos expertos e o que podemos facer por ti<\/p>\t\t\t\t\t\t\t\t<\/div>\n\t\t\t\t<\/div>\n\t\t\t\t\t<\/div>\n\t\t<\/div>\n\t\t\t\t<div class=\"elementor-column elementor-col-50 elementor-top-column elementor-element elementor-element-b50ecfb\" data-id=\"b50ecfb\" data-element_type=\"column\">\n\t\t\t<div class=\"elementor-widget-wrap\">\n\t\t\t\t\t\t\t<\/div>\n\t\t<\/div>\n\t\t\t\t\t<\/div>\n\t\t<\/section>\n\t\t\t\t<section class=\"elementor-section elementor-top-section elementor-element elementor-element-8e42a9b elementor-section-boxed elementor-section-height-default elementor-section-height-default\" data-id=\"8e42a9b\" data-element_type=\"section\">\n\t\t\t\t\t\t<div class=\"elementor-container elementor-column-gap-no\">\n\t\t\t\t\t<div class=\"elementor-column elementor-col-50 elementor-top-column elementor-element elementor-element-234bb25\" data-id=\"234bb25\" data-element_type=\"column\">\n\t\t\t<div class=\"elementor-widget-wrap elementor-element-populated\">\n\t\t\t\t\t\t<div class=\"elementor-element elementor-element-fccea65 elementor-widget elementor-widget-raven-image\" data-id=\"fccea65\" data-element_type=\"widget\" data-widget_type=\"raven-image.default\">\n\t\t\t\t<div class=\"elementor-widget-container\">\n\t\t\t\t\t\t\t<div class=\"raven-image\">\n\t\t\n\t\t\n\t\t<img fetchpriority=\"high\" decoding=\"async\" width=\"2048\" height=\"1804\" src=\"https:\/\/joseaccion.es\/wp-content\/uploads\/2025\/04\/WhatsApp-Image-2025-03-27-at-13.20.07-1.jpg\" class=\"attachment-full size-full wp-image-660\" alt=\"Casa en piedra\" srcset=\"https:\/\/joseaccion.es\/wp-content\/uploads\/2025\/04\/WhatsApp-Image-2025-03-27-at-13.20.07-1.jpg 2048w, https:\/\/joseaccion.es\/wp-content\/uploads\/2025\/04\/WhatsApp-Image-2025-03-27-at-13.20.07-1-300x264.jpg 300w, https:\/\/joseaccion.es\/wp-content\/uploads\/2025\/04\/WhatsApp-Image-2025-03-27-at-13.20.07-1-1024x902.jpg 1024w, https:\/\/joseaccion.es\/wp-content\/uploads\/2025\/04\/WhatsApp-Image-2025-03-27-at-13.20.07-1-768x677.jpg 768w, https:\/\/joseaccion.es\/wp-content\/uploads\/2025\/04\/WhatsApp-Image-2025-03-27-at-13.20.07-1-1536x1353.jpg 1536w\" sizes=\"(max-width: 2048px) 100vw, 2048px\" \/>\t\t<\/div>\n\t\t\t\t\t\t<\/div>\n\t\t\t\t<\/div>\n\t\t\t\t\t<\/div>\n\t\t<\/div>\n\t\t\t\t<div class=\"elementor-column elementor-col-50 elementor-top-column elementor-element elementor-element-f75f82a\" data-id=\"f75f82a\" data-element_type=\"column\">\n\t\t\t<div class=\"elementor-widget-wrap elementor-element-populated\">\n\t\t\t\t\t\t<div class=\"elementor-element elementor-element-2404514 elementor-widget elementor-widget-heading\" data-id=\"2404514\" data-element_type=\"widget\" data-widget_type=\"heading.default\">\n\t\t\t\t<div class=\"elementor-widget-container\">\n\t\t\t\t\t<h2 class=\"elementor-heading-title elementor-size-default\"><a href=\"https:\/\/joseaccion.es\/gl\/services\/strategy-and-planning\/\">Colocaci\u00f3n de pedra<\/a><\/h2>\t\t\t\t<\/div>\n\t\t\t\t<\/div>\n\t\t\t\t<div class=\"elementor-element elementor-element-b0fc1a3 elementor-widget elementor-widget-text-editor\" data-id=\"b0fc1a3\" data-element_type=\"widget\" data-widget_type=\"text-editor.default\">\n\t\t\t\t<div class=\"elementor-widget-container\">\n\t\t\t\t\t\t\t\t\t<p>Expertos na colocaci\u00f3n de pedra natural para todo tipo de proxectos, garantindo acabados de calidade e unha integraci\u00f3n perfecta co entorno. Traballamos con materiai sseleccionados para ofrecer durabilidade e beleza en cada obra.<\/p>\t\t\t\t\t\t\t\t<\/div>\n\t\t\t\t<\/div>\n\t\t\t\t\t<\/div>\n\t\t<\/div>\n\t\t\t\t\t<\/div>\n\t\t<\/section>\n\t\t\t\t<section class=\"elementor-section elementor-top-section elementor-element elementor-element-4d0dc02 elementor-reverse-mobile elementor-section-boxed elementor-section-height-default elementor-section-height-default\" data-id=\"4d0dc02\" data-element_type=\"section\">\n\t\t\t\t\t\t<div class=\"elementor-container elementor-column-gap-no\">\n\t\t\t\t\t<div class=\"elementor-column elementor-col-50 elementor-top-column elementor-element elementor-element-163855c\" data-id=\"163855c\" data-element_type=\"column\">\n\t\t\t<div class=\"elementor-widget-wrap elementor-element-populated\">\n\t\t\t\t\t\t<div class=\"elementor-element elementor-element-8c6d0c5 elementor-widget elementor-widget-heading\" data-id=\"8c6d0c5\" data-element_type=\"widget\" data-widget_type=\"heading.default\">\n\t\t\t\t<div class=\"elementor-widget-container\">\n\t\t\t\t\t<h2 class=\"elementor-heading-title elementor-size-default\"><a href=\"https:\/\/joseaccion.es\/gl\/services\/finance-and-restructuring\/\">Fachadas e muros<\/a><\/h2>\t\t\t\t<\/div>\n\t\t\t\t<\/div>\n\t\t\t\t<div class=\"elementor-element elementor-element-af08206 elementor-widget elementor-widget-text-editor\" data-id=\"af08206\" data-element_type=\"widget\" data-widget_type=\"text-editor.default\">\n\t\t\t\t<div class=\"elementor-widget-container\">\n\t\t\t\t\t\t\t\t\t<p>Dese\u00f1o e construci\u00f3n de fachadas e muros en pedra, combinando t\u00e9cnicas tradicionais con soluci\u00f3ns modernas. Realzamos a est\u00e9tica de calquera espazo con estructuras resistentes e elegantes, adaptadas a cada necesidade.<\/p>\t\t\t\t\t\t\t\t<\/div>\n\t\t\t\t<\/div>\n\t\t\t\t\t<\/div>\n\t\t<\/div>\n\t\t\t\t<div class=\"elementor-column elementor-col-50 elementor-top-column elementor-element elementor-element-408fd64\" data-id=\"408fd64\" data-element_type=\"column\">\n\t\t\t<div class=\"elementor-widget-wrap elementor-element-populated\">\n\t\t\t\t\t\t<div class=\"elementor-element elementor-element-b55f2b7 elementor-widget elementor-widget-raven-image\" data-id=\"b55f2b7\" data-element_type=\"widget\" data-widget_type=\"raven-image.default\">\n\t\t\t\t<div class=\"elementor-widget-container\">\n\t\t\t\t\t\t\t<div class=\"raven-image\">\n\t\t\n\t\t\n\t\t<img decoding=\"async\" width=\"2032\" height=\"2048\" src=\"https:\/\/joseaccion.es\/wp-content\/uploads\/2025\/04\/muro-3.jpg\" class=\"attachment-full size-full wp-image-658\" alt=\"Muro en piedra\" srcset=\"https:\/\/joseaccion.es\/wp-content\/uploads\/2025\/04\/muro-3.jpg 2032w, https:\/\/joseaccion.es\/wp-content\/uploads\/2025\/04\/muro-3-298x300.jpg 298w, https:\/\/joseaccion.es\/wp-content\/uploads\/2025\/04\/muro-3-1016x1024.jpg 1016w, https:\/\/joseaccion.es\/wp-content\/uploads\/2025\/04\/muro-3-150x150.jpg 150w, https:\/\/joseaccion.es\/wp-content\/uploads\/2025\/04\/muro-3-768x774.jpg 768w, https:\/\/joseaccion.es\/wp-content\/uploads\/2025\/04\/muro-3-1524x1536.jpg 1524w\" sizes=\"(max-width: 2032px) 100vw, 2032px\" \/>\t\t<\/div>\n\t\t\t\t\t\t<\/div>\n\t\t\t\t<\/div>\n\t\t\t\t\t<\/div>\n\t\t<\/div>\n\t\t\t\t\t<\/div>\n\t\t<\/section>\n\t\t\t\t<section class=\"elementor-section elementor-top-section elementor-element elementor-element-cf1ba4a elementor-section-boxed elementor-section-height-default elementor-section-height-default\" data-id=\"cf1ba4a\" data-element_type=\"section\" data-settings=\"{&quot;background_background&quot;:&quot;classic&quot;}\">\n\t\t\t\t\t\t<div class=\"elementor-container elementor-column-gap-no\">\n\t\t\t\t\t<div class=\"elementor-column elementor-col-50 elementor-top-column elementor-element elementor-element-4742cc7\" data-id=\"4742cc7\" data-element_type=\"column\">\n\t\t\t<div class=\"elementor-widget-wrap elementor-element-populated\">\n\t\t\t\t\t\t<div class=\"elementor-element elementor-element-0a790f0 elementor-widget elementor-widget-raven-image\" data-id=\"0a790f0\" data-element_type=\"widget\" data-widget_type=\"raven-image.default\">\n\t\t\t\t<div class=\"elementor-widget-container\">\n\t\t\t\t\t\t\t<div class=\"raven-image\">\n\t\t\n\t\t\n\t\t<img decoding=\"async\" width=\"2048\" height=\"1943\" src=\"https:\/\/joseaccion.es\/wp-content\/uploads\/2025\/04\/WhatsApp-Image-2025-03-27-at-13.19.53-1.jpg\" class=\"attachment-full size-full wp-image-659\" alt=\"Rehabilitaci\u00f3n de una casa en piedra\" srcset=\"https:\/\/joseaccion.es\/wp-content\/uploads\/2025\/04\/WhatsApp-Image-2025-03-27-at-13.19.53-1.jpg 2048w, https:\/\/joseaccion.es\/wp-content\/uploads\/2025\/04\/WhatsApp-Image-2025-03-27-at-13.19.53-1-300x285.jpg 300w, https:\/\/joseaccion.es\/wp-content\/uploads\/2025\/04\/WhatsApp-Image-2025-03-27-at-13.19.53-1-1024x972.jpg 1024w, https:\/\/joseaccion.es\/wp-content\/uploads\/2025\/04\/WhatsApp-Image-2025-03-27-at-13.19.53-1-768x729.jpg 768w, https:\/\/joseaccion.es\/wp-content\/uploads\/2025\/04\/WhatsApp-Image-2025-03-27-at-13.19.53-1-1536x1457.jpg 1536w\" sizes=\"(max-width: 2048px) 100vw, 2048px\" \/>\t\t<\/div>\n\t\t\t\t\t\t<\/div>\n\t\t\t\t<\/div>\n\t\t\t\t\t<\/div>\n\t\t<\/div>\n\t\t\t\t<div class=\"elementor-column elementor-col-50 elementor-top-column elementor-element elementor-element-99f691a\" data-id=\"99f691a\" data-element_type=\"column\">\n\t\t\t<div class=\"elementor-widget-wrap elementor-element-populated\">\n\t\t\t\t\t\t<div class=\"elementor-element elementor-element-716301c elementor-widget elementor-widget-heading\" data-id=\"716301c\" data-element_type=\"widget\" data-widget_type=\"heading.default\">\n\t\t\t\t<div class=\"elementor-widget-container\">\n\t\t\t\t\t<h2 class=\"elementor-heading-title elementor-size-default\"><a href=\"https:\/\/joseaccion.es\/gl\/services\/taxes-and-efficiency\/\">Rehabilitaci\u00f3n de casas<\/a><\/h2>\t\t\t\t<\/div>\n\t\t\t\t<\/div>\n\t\t\t\t<div class=\"elementor-element elementor-element-d5ce287 elementor-widget elementor-widget-text-editor\" data-id=\"d5ce287\" data-element_type=\"widget\" data-widget_type=\"text-editor.default\">\n\t\t\t\t<div class=\"elementor-widget-container\">\n\t\t\t\t\t\t\t\t\t<p>Especialistas na restauraci\u00f3n de vivendas con pedra, respetando a s\u00faa esencia e mellorando a s\u00faa funcionalidade. Recuperamos a autenticidade de construcci\u00f3ns antigas con soluci\u00f3ns sostenibles e personalizadas.<\/p>\t\t\t\t\t\t\t\t<\/div>\n\t\t\t\t<\/div>\n\t\t\t\t\t<\/div>\n\t\t<\/div>\n\t\t\t\t\t<\/div>\n\t\t<\/section>\n\t\t\t\t<\/div>","protected":false},"excerpt":{"rendered":"<p>Servicios Conoce los servicios en los que somos expertos y lo qu\u00e9 podemos hacer por ti Colocaci\u00f3n de piedra Expertos en la colocaci\u00f3n de piedra natural para todo tipo de proyectos, garantizando acabados de calidad y una integraci\u00f3n perfecta con el entorno. Trabajamos con materiales seleccionados para ofrecer durabilidad y belleza en cada obra. Fachadas [&hellip;]<\/p>","protected":false},"author":2,"featured_media":0,"parent":0,"menu_order":0,"comment_status":"closed","ping_status":"closed","template":"full-width.php","meta":{"_acf_changed":false,"footnotes":""},"class_list":["post-62","page","type-page","status-publish","hentry"],"acf":[],"yoast_head":"<!-- This site is optimized with the Yoast SEO plugin v26.7 - https:\/\/yoast.com\/wordpress\/plugins\/seo\/ -->\n<title>Servicios \u00b7 Jos\u00e9 Acci\u00f3n<\/title>\n<meta name=\"description\" content=\"Especialistas en construcci\u00f3n y rehabilitaci\u00f3n de viviendas en piedra en Galicia. Garantizamos nuestros servicios con durabilidad y est\u00e9tica.\" \/>\n<meta name=\"robots\" content=\"noindex, follow, max-snippet:-1, max-image-preview:large, max-video-preview:-1\" \/>\n<meta property=\"og:locale\" content=\"gl_ES\" \/>\n<meta property=\"og:type\" content=\"article\" \/>\n<meta property=\"og:title\" content=\"Jos\u00e9 Acci\u00f3n \u00b7 Servicios\" \/>\n<meta property=\"og:description\" content=\"Especialistas en construcci\u00f3n y rehabilitaci\u00f3n de viviendas en piedra en Galicia. Garantizamos resultados que combinan durabilidad y est\u00e9tica.\" \/>\n<meta property=\"og:url\" content=\"https:\/\/joseaccion.es\/gl\/servicios\/\" \/>\n<meta property=\"og:site_name\" content=\"Jos\u00e9 Acci\u00f3n\" \/>\n<meta property=\"article:modified_time\" content=\"2026-03-09T14:30:22+00:00\" \/>\n<meta property=\"og:image\" content=\"https:\/\/joseaccion.es\/wp-content\/uploads\/2025\/04\/paredd.jpg\" \/>\n\t<meta property=\"og:image:width\" content=\"2048\" \/>\n\t<meta property=\"og:image:height\" content=\"1542\" \/>\n\t<meta property=\"og:image:type\" content=\"image\/jpeg\" \/>\n<meta name=\"twitter:card\" content=\"summary_large_image\" \/>\n<meta name=\"twitter:title\" content=\"Jos\u00e9 Acci\u00f3n \u00b7 Servicios\" \/>\n<meta name=\"twitter:description\" content=\"Especialistas en construcci\u00f3n y rehabilitaci\u00f3n de viviendas en piedra en Galicia. Garantizamos resultados que combinan durabilidad y est\u00e9tica.\" \/>\n<meta name=\"twitter:image\" content=\"https:\/\/joseaccion.es\/wp-content\/uploads\/2025\/04\/paredd.jpg\" \/>\n<meta name=\"twitter:label1\" content=\"Tempo de lectura\" \/>\n\t<meta name=\"twitter:data1\" content=\"2 minutos\" \/>\n<script type=\"application\/ld+json\" class=\"yoast-schema-graph\">{\"@context\":\"https:\/\/schema.org\",\"@graph\":[{\"@type\":\"WebPage\",\"@id\":\"https:\/\/joseaccion.es\/servicios\/\",\"url\":\"https:\/\/joseaccion.es\/servicios\/\",\"name\":\"Servicios \u00b7 Jos\u00e9 Acci\u00f3n\",\"isPartOf\":{\"@id\":\"https:\/\/joseaccion.es\/#website\"},\"primaryImageOfPage\":{\"@id\":\"https:\/\/joseaccion.es\/servicios\/#primaryimage\"},\"image\":{\"@id\":\"https:\/\/joseaccion.es\/servicios\/#primaryimage\"},\"thumbnailUrl\":\"https:\/\/joseaccion.es\/wp-content\/uploads\/2025\/04\/WhatsApp-Image-2025-03-27-at-13.20.07-1.jpg\",\"datePublished\":\"2020-06-24T05:35:26+00:00\",\"dateModified\":\"2026-03-09T14:30:22+00:00\",\"description\":\"Especialistas en construcci\u00f3n y rehabilitaci\u00f3n de viviendas en piedra en Galicia. Garantizamos nuestros servicios con durabilidad y est\u00e9tica.\",\"breadcrumb\":{\"@id\":\"https:\/\/joseaccion.es\/servicios\/#breadcrumb\"},\"inLanguage\":\"gl-ES\",\"potentialAction\":[{\"@type\":\"ReadAction\",\"target\":[\"https:\/\/joseaccion.es\/servicios\/\"]}]},{\"@type\":\"ImageObject\",\"inLanguage\":\"gl-ES\",\"@id\":\"https:\/\/joseaccion.es\/servicios\/#primaryimage\",\"url\":\"https:\/\/joseaccion.es\/wp-content\/uploads\/2025\/04\/WhatsApp-Image-2025-03-27-at-13.20.07-1.jpg\",\"contentUrl\":\"https:\/\/joseaccion.es\/wp-content\/uploads\/2025\/04\/WhatsApp-Image-2025-03-27-at-13.20.07-1.jpg\"},{\"@type\":\"BreadcrumbList\",\"@id\":\"https:\/\/joseaccion.es\/servicios\/#breadcrumb\",\"itemListElement\":[{\"@type\":\"ListItem\",\"position\":1,\"name\":\"Portada\",\"item\":\"https:\/\/joseaccion.es\/\"},{\"@type\":\"ListItem\",\"position\":2,\"name\":\"Servicios\"}]},{\"@type\":\"WebSite\",\"@id\":\"https:\/\/joseaccion.es\/#website\",\"url\":\"https:\/\/joseaccion.es\/\",\"name\":\"Jos\u00e9 Acci\u00f3n\",\"description\":\"Revestimiento en piedra\",\"potentialAction\":[{\"@type\":\"SearchAction\",\"target\":{\"@type\":\"EntryPoint\",\"urlTemplate\":\"https:\/\/joseaccion.es\/?s={search_term_string}\"},\"query-input\":{\"@type\":\"PropertyValueSpecification\",\"valueRequired\":true,\"valueName\":\"search_term_string\"}}],\"inLanguage\":\"gl-ES\"}]}<\/script>\n<!-- \/ Yoast SEO plugin. -->","yoast_head_json":{"title":"Servicios \u00b7 Jos\u00e9 Acci\u00f3n","description":"Especialistas en construcci\u00f3n y rehabilitaci\u00f3n de viviendas en piedra en Galicia. Garantizamos nuestros servicios con durabilidad y est\u00e9tica.","robots":{"index":"noindex","follow":"follow","max-snippet":"max-snippet:-1","max-image-preview":"max-image-preview:large","max-video-preview":"max-video-preview:-1"},"og_locale":"gl_ES","og_type":"article","og_title":"Jos\u00e9 Acci\u00f3n \u00b7 Servicios","og_description":"Especialistas en construcci\u00f3n y rehabilitaci\u00f3n de viviendas en piedra en Galicia. Garantizamos resultados que combinan durabilidad y est\u00e9tica.","og_url":"https:\/\/joseaccion.es\/gl\/servicios\/","og_site_name":"Jos\u00e9 Acci\u00f3n","article_modified_time":"2026-03-09T14:30:22+00:00","og_image":[{"width":2048,"height":1542,"url":"https:\/\/joseaccion.es\/wp-content\/uploads\/2025\/04\/paredd.jpg","type":"image\/jpeg"}],"twitter_card":"summary_large_image","twitter_title":"Jos\u00e9 Acci\u00f3n \u00b7 Servicios","twitter_description":"Especialistas en construcci\u00f3n y rehabilitaci\u00f3n de viviendas en piedra en Galicia. Garantizamos resultados que combinan durabilidad y est\u00e9tica.","twitter_image":"https:\/\/joseaccion.es\/wp-content\/uploads\/2025\/04\/paredd.jpg","twitter_misc":{"Tempo de lectura":"2 minutos"},"schema":{"@context":"https:\/\/schema.org","@graph":[{"@type":"WebPage","@id":"https:\/\/joseaccion.es\/servicios\/","url":"https:\/\/joseaccion.es\/servicios\/","name":"Servicios \u00b7 Jos\u00e9 Acci\u00f3n","isPartOf":{"@id":"https:\/\/joseaccion.es\/#website"},"primaryImageOfPage":{"@id":"https:\/\/joseaccion.es\/servicios\/#primaryimage"},"image":{"@id":"https:\/\/joseaccion.es\/servicios\/#primaryimage"},"thumbnailUrl":"https:\/\/joseaccion.es\/wp-content\/uploads\/2025\/04\/WhatsApp-Image-2025-03-27-at-13.20.07-1.jpg","datePublished":"2020-06-24T05:35:26+00:00","dateModified":"2026-03-09T14:30:22+00:00","description":"Especialistas en construcci\u00f3n y rehabilitaci\u00f3n de viviendas en piedra en Galicia. Garantizamos nuestros servicios con durabilidad y est\u00e9tica.","breadcrumb":{"@id":"https:\/\/joseaccion.es\/servicios\/#breadcrumb"},"inLanguage":"gl-ES","potentialAction":[{"@type":"ReadAction","target":["https:\/\/joseaccion.es\/servicios\/"]}]},{"@type":"ImageObject","inLanguage":"gl-ES","@id":"https:\/\/joseaccion.es\/servicios\/#primaryimage","url":"https:\/\/joseaccion.es\/wp-content\/uploads\/2025\/04\/WhatsApp-Image-2025-03-27-at-13.20.07-1.jpg","contentUrl":"https:\/\/joseaccion.es\/wp-content\/uploads\/2025\/04\/WhatsApp-Image-2025-03-27-at-13.20.07-1.jpg"},{"@type":"BreadcrumbList","@id":"https:\/\/joseaccion.es\/servicios\/#breadcrumb","itemListElement":[{"@type":"ListItem","position":1,"name":"Portada","item":"https:\/\/joseaccion.es\/"},{"@type":"ListItem","position":2,"name":"Servicios"}]},{"@type":"WebSite","@id":"https:\/\/joseaccion.es\/#website","url":"https:\/\/joseaccion.es\/","name":"Jos\u00e9 Acci\u00f3n","description":"Revestimiento en piedra","potentialAction":[{"@type":"SearchAction","target":{"@type":"EntryPoint","urlTemplate":"https:\/\/joseaccion.es\/?s={search_term_string}"},"query-input":{"@type":"PropertyValueSpecification","valueRequired":true,"valueName":"search_term_string"}}],"inLanguage":"gl-ES"}]}},"_links":{"self":[{"href":"https:\/\/joseaccion.es\/gl\/wp-json\/wp\/v2\/pages\/62","targetHints":{"allow":["GET"]}}],"collection":[{"href":"https:\/\/joseaccion.es\/gl\/wp-json\/wp\/v2\/pages"}],"about":[{"href":"https:\/\/joseaccion.es\/gl\/wp-json\/wp\/v2\/types\/page"}],"author":[{"embeddable":true,"href":"https:\/\/joseaccion.es\/gl\/wp-json\/wp\/v2\/users\/2"}],"replies":[{"embeddable":true,"href":"https:\/\/joseaccion.es\/gl\/wp-json\/wp\/v2\/comments?post=62"}],"version-history":[{"count":63,"href":"https:\/\/joseaccion.es\/gl\/wp-json\/wp\/v2\/pages\/62\/revisions"}],"predecessor-version":[{"id":843,"href":"https:\/\/joseaccion.es\/gl\/wp-json\/wp\/v2\/pages\/62\/revisions\/843"}],"wp:attachment":[{"href":"https:\/\/joseaccion.es\/gl\/wp-json\/wp\/v2\/media?parent=62"}],"curies":[{"name":"wp","href":"https:\/\/api.w.org\/{rel}","templated":true}]}}